{"id":110,"date":"2025-01-14T15:18:46","date_gmt":"2025-01-14T15:18:46","guid":{"rendered":"https:\/\/demo.colorbee.online\/dhaara\/demo\/?page_id=110"},"modified":"2025-10-18T13:06:37","modified_gmt":"2025-10-18T11:06:37","slug":"contact","status":"publish","type":"page","link":"https:\/\/solidni-budowlancy.pl\/?page_id=110","title":{"rendered":"Kontakt"},"content":{"rendered":"\t\t<div data-elementor-type=\"wp-page\" data-elementor-id=\"110\" class=\"elementor elementor-110\">\n\t\t\t\t<div class=\"elementor-element elementor-element-b32746e e-grid e-con-full e-con e-parent\" data-id=\"b32746e\" data-element_type=\"container\" data-e-type=\"container\">\n\t\t\t\t<div class=\"elementor-element elementor-element-d548458 elementor-widget elementor-widget-contact_section\" data-id=\"d548458\" data-element_type=\"widget\" data-e-type=\"widget\" data-widget_type=\"contact_section.default\">\n\t\t\t\t<div class=\"elementor-widget-container\">\n\t\t\t\t\t        <section class=\"contact-section relative py-16 sm:py-20 lg:py-20 overflow-hidden\">\r\n            <!-- Background Elements -->\r\n            <div class=\"absolute inset-0 -z-10\">\r\n                <!-- Gradient Orbs -->\r\n                <div class=\"absolute top-0 left-0 w-full h-full overflow-hidden\">\r\n                    <div style=\"background-color: #FFB60020\" class=\"bg-fade-effect absolute top-1\/4 -left-20 w-96 h-96 rounded-full mix-blend-multiply filter blur-3xl\"><\/div>\r\n                    <div style=\"background-color: #FFB60020\" class=\"absolute bottom-1\/4 right-0 w-96 h-96 rounded-full mix-blend-multiply filter blur-3xl animation-delay-2000\"><\/div>\r\n                <\/div>\r\n            <\/div>\r\n            <!-- Section Header -->\r\n            <div class=\"relative mb-12 sm:mb-16 text-center z-10\">\r\n                <div class=\"absolute -top-10 left-1\/2 -translate-x-1\/2 text-[80px] sm:text-[120px] font-bold text-gray-100 select-none opacity-0 md:opacity-60 leading-none -z-10\">\r\n                    KONTAKT                <\/div>\r\n                <h2 class=\"relative text-3xl sm:text-4xl lg:text-5xl font-bold text-gray-900 fade-in-effect \">\r\n                    Skontaktuj si\u0119                     <span style=\"color: #FFB600\">Z nami<\/span>\r\n                <\/h2>\r\n                <p class=\"mt-4 text-xl text-gray-600 max-w-2xl mx-auto fade-in-effect effect-1\">\r\n                    Masz pytania, chcesz pozna\u0107 szczeg\u00f3\u0142y oferty lub rozpocz\u0105\u0107 wsp\u00f3\u0142prac\u0119? Wype\u0142nij formularz kontaktowy lub skorzystaj z podanych danych, a szybko odpowiemy na Twoj\u0105 wiadomo\u015b\u0107. Jeste\u015bmy do Twojej dyspozycji!                <\/p>\r\n            <\/div>\r\n            <!-- Contact Content -->\r\n            <div class=\"max-w-7xl 2xl:max-w-8xl mx-auto px-4\">\r\n                <div class=\"grid lg:grid-cols-2 gap-16\">\r\n                    <!-- Contact Form -->\r\n                    <div class=\"relative group fade-in-effect effect-1\">\r\n                        <div class=\"absolute -inset-1 rounded-2xl blur opacity-20 group-hover:opacity-30 transition-opacity\"><\/div>\r\n                        <div class=\"relative bg-white rounded-2xl p-8 shadow-xl\">\r\n                            \n<div class=\"wpcf7 no-js\" id=\"wpcf7-f1360-o1\" lang=\"en-US\" dir=\"ltr\" data-wpcf7-id=\"1360\">\n<div class=\"screen-reader-response\"><p role=\"status\" aria-live=\"polite\" aria-atomic=\"true\"><\/p> <ul><\/ul><\/div>\n<form action=\"\/index.php?rest_route=%2Fwp%2Fv2%2Fpages%2F110#wpcf7-f1360-o1\" method=\"post\" class=\"wpcf7-form init\" aria-label=\"Contact form\" novalidate=\"novalidate\" data-status=\"init\">\n<fieldset class=\"hidden-fields-container\"><input type=\"hidden\" name=\"_wpcf7\" value=\"1360\" \/><input type=\"hidden\" name=\"_wpcf7_version\" value=\"6.1.5\" \/><input type=\"hidden\" name=\"_wpcf7_locale\" value=\"en_US\" \/><input type=\"hidden\" name=\"_wpcf7_unit_tag\" value=\"wpcf7-f1360-o1\" \/><input type=\"hidden\" name=\"_wpcf7_container_post\" value=\"0\" \/><input type=\"hidden\" name=\"_wpcf7_posted_data_hash\" value=\"\" \/>\n<\/fieldset>\n<!-- Name Fields -->\n<div class=\"grid md:grid-cols-2 gap-6\">\n\t<div class=\"space-y-2\">\n\t\t<p><label class=\"text-sm font-medium text-gray-900\">Imi\u0119<\/label><br \/>\n<span class=\"wpcf7-form-control-wrap\" data-name=\"first_name\"><input size=\"40\" maxlength=\"400\" class=\"wpcf7-form-control wpcf7-text wpcf7-validates-as-required w-full px-4 py-3 rounded-xl border border-gray-200 focusborder-amber-500 focusring-2 focusring-amber-200 transition-all\" aria-required=\"true\" aria-invalid=\"false\" placeholder=\"Jan\" value=\"\" type=\"text\" name=\"first_name\" \/><\/span>\n\t\t<\/p>\n\t<\/div>\n\t<div class=\"space-y-2\">\n\t\t<p><label class=\"text-sm font-medium text-gray-900\">Nazwisko<\/label><br \/>\n<span class=\"wpcf7-form-control-wrap\" data-name=\"last_name\"><input size=\"40\" maxlength=\"400\" class=\"wpcf7-form-control wpcf7-text wpcf7-validates-as-required w-full px-4 py-3 rounded-xl border border-gray-200 focusborder-amber-500 focusring-2 focusring-amber-200 transition-all\" aria-required=\"true\" aria-invalid=\"false\" placeholder=\"Kowalski\" value=\"\" type=\"text\" name=\"last_name\" \/><\/span>\n\t\t<\/p>\n\t<\/div>\n<\/div>\n\n<!-- Contact Info -->\n<div class=\"space-y-2\">\n\t<p><label class=\"text-sm font-medium text-gray-900\">Adres e-mail<\/label><br \/>\n<span class=\"wpcf7-form-control-wrap\" data-name=\"your-email\"><input size=\"40\" maxlength=\"400\" class=\"wpcf7-form-control wpcf7-email wpcf7-validates-as-required wpcf7-text wpcf7-validates-as-email w-full px-4 py-3 border border-gray-200 focusborder-amber-500 focusring-2 focusring-amber-200 transition-all\" aria-required=\"true\" aria-invalid=\"false\" placeholder=\"jan.kowalski@gmail.com\" value=\"\" type=\"email\" name=\"your-email\" \/><\/span>\n\t<\/p>\n<\/div>\n<div class=\"space-y-2\">\n\t<p><label class=\"text-sm font-medium text-gray-900\">Numer telefonu<\/label><br \/>\n<span class=\"wpcf7-form-control-wrap\" data-name=\"phone\"><input size=\"40\" maxlength=\"400\" class=\"wpcf7-form-control wpcf7-tel wpcf7-validates-as-required wpcf7-text wpcf7-validates-as-tel w-full px-4 py-3 rounded-xl border border-gray-200 focusborder-amber-500 focusring-2 focusring-amber-200 transition-all\" aria-required=\"true\" aria-invalid=\"false\" placeholder=\"+48 523 536 746\" value=\"\" type=\"tel\" name=\"phone\" \/><\/span>\n\t<\/p>\n<\/div>\n\n<!-- Project Details -->\n<div class=\"space-y-2\">\n\t<p><label class=\"text-sm font-medium text-gray-900\">Temat wiadomo\u015bci<\/label><br \/>\n<span class=\"wpcf7-form-control-wrap\" data-name=\"project_type\"><select class=\"wpcf7-form-control wpcf7-select wpcf7-validates-as-required w-full px-4 py-3 rounded-xl border border-gray-200 focusborder-amber-500 focusring-2 focusring-amber-200 transition-all\" aria-required=\"true\" aria-invalid=\"false\" name=\"project_type\"><option value=\"Wybierz temat\">Wybierz temat<\/option><option value=\"Budowa domu\">Budowa domu<\/option><option value=\"Doradztwo akustyczne\">Doradztwo akustyczne<\/option><option value=\"Izolacje akustyczne\">Izolacje akustyczne<\/option><option value=\"Inne\">Inne<\/option><\/select><\/span>\n\t<\/p>\n<\/div>\n<div class=\"space-y-2\">\n\t<p><label class=\"text-sm font-medium text-gray-900\">Tre\u015b\u0107 wiadomo\u015bci<\/label><br \/>\n<span class=\"wpcf7-form-control-wrap\" data-name=\"your-message\"><textarea cols=\"40\" rows=\"4\" maxlength=\"2000\" class=\"wpcf7-form-control wpcf7-textarea wpcf7-validates-as-required w-full px-4 py-3 rounded-xl border border-gray-200 focusborder-amber-500 focusring-2 focusring-amber-200 transition-all\" aria-required=\"true\" aria-invalid=\"false\" placeholder=\"Napisz nam co\u015b wi\u0119cej...\" name=\"your-message\"><\/textarea><\/span>\n\t<\/p>\n<\/div>\n<div class=\"mt-6\">\n\t<p><input class=\"wpcf7-form-control wpcf7-submit has-spinner w-full rounded-2xl px-8 py-4 bg-primary-amber text-white font-semibold rounded-xl hoverbg-amber-700 transition-all duration-300 transform\" type=\"submit\" value=\"Wy\u015blij wiadomo\u015b\u0107\" \/>\n\t<\/p>\n<\/div>\n<div class=\"wpcf7-response-output\" aria-hidden=\"true\"><\/div><p style=\"display: none !important;\" class=\"akismet-fields-container\" data-prefix=\"_wpcf7_ak_\"><label>&#916;<textarea name=\"_wpcf7_ak_hp_textarea\" cols=\"45\" rows=\"8\" maxlength=\"100\"><\/textarea><\/label><input type=\"hidden\" id=\"ak_js_1\" name=\"_wpcf7_ak_js\" value=\"152\"\/><script>document.getElementById( \"ak_js_1\" ).setAttribute( \"value\", ( new Date() ).getTime() );<\/script><\/p>\n<\/form>\n<\/div>\n                        <\/div>\r\n                    <\/div>\r\n\r\n                    <!-- Contact Information -->\r\n                    <div class=\"space-y-8 fade-in-effect effect-2\">\r\n                        <!-- Info Cards -->\r\n                        <div class=\"grid gap-6 sm:gap-8\">\r\n                            <!-- Office Location -->\r\n                            <div class=\"group relative\">\r\n                                <div class=\"absolute -inset-1 rounded-xl blur opacity-20 group-hover:opacity-30 transition-opacity\"><\/div>\r\n                                <div class=\"relative bg-white p-6 rounded-xl shadow-lg\">\r\n                                    <div class=\"flex items-start gap-6\">\r\n                                        <div style=\"background-color: #FFB60010\" class=\"w-12 h-12 rounded-lg flex items-center justify-center text-primary-amber\">\r\n                                            <i style=\"color: #FFB600\" class=\"fas fa-map-marked-alt\"><\/i>\r\n                                        <\/div>\r\n                                        <div>\r\n                                            <h3 class=\"text-lg font-semibold text-gray-900 mt-0\">Nasze biuro<\/h3>\r\n                                            <p class=\"text-gray-600\">Majora Piotra Rogozina Iwanowicza 91, 44-310 Radlin<\/p>\r\n                                        <\/div>\r\n                                    <\/div>\r\n                                <\/div>\r\n                            <\/div>\r\n\r\n                            <!-- Contact Methods -->\r\n                            <div class=\"group relative\">\r\n                                <div class=\"absolute -inset-1 rounded-xl blur opacity-20 group-hover:opacity-30 transition-opacity\"><\/div>\r\n                                <div class=\"relative bg-white p-6 rounded-xl shadow-lg\">\r\n                                    <div class=\"flex items-start gap-6\">\r\n                                        <div style=\"background-color: #FFB60010\" class=\"w-12 h-12 rounded-lg flex items-center justify-center text-primary-amber\">\r\n                                            <i style=\"color: #FFB600\" class=\"fab fa-telegram-plane\"><\/i>\r\n                                        <\/div>\r\n                                        <div>\r\n                                            <h3 class=\"text-lg font-semibold text-gray-900 mt-0\">Skontaktuj si\u0119<\/h3>\r\n                                            <p class=\"text-gray-600\">kontakt@solidni-budowlancy.pl<br \/>+48 511 725 398<\/p>\r\n                                        <\/div>\r\n                                    <\/div>\r\n                                <\/div>\r\n                            <\/div>\r\n\r\n                            <!-- Working Hours -->\r\n                            <div class=\"group relative\">\r\n                                <div class=\"absolute -inset-1 rounded-xl blur opacity-20 group-hover:opacity-30 transition-opacity\"><\/div>\r\n                                <div class=\"relative bg-white p-6 rounded-xl shadow-lg\">\r\n                                    <div class=\"flex items-start gap-6\">\r\n                                        <div style=\"background-color: #FFB60010\" class=\"w-12 h-12 rounded-lg flex items-center justify-center text-primary-amber\">\r\n                                            <i style=\"color: #FFB600\" class=\"fas fa-business-time\"><\/i>\r\n                                        <\/div>\r\n                                        <div>\r\n                                            <h3 class=\"text-lg font-semibold text-gray-900 mt-0\">Godziny pracy<\/h3>\r\n                                            <p class=\"text-gray-600\">Poniedzia\u0142ek - Pi\u0105tek: 07:00 - 15:00<br\/>Sobota: 09:00 - 13:00<\/p>\r\n                                        <\/div>\r\n                                    <\/div>\r\n                                <\/div>\r\n                            <\/div>\r\n\r\n                            <!-- Map -->\r\n                                                    <\/div>\r\n                    <\/div>\r\n                <\/div>\r\n            <\/div>\r\n        <\/section>\r\n\r\n    \t\t\t\t<\/div>\n\t\t\t\t<\/div>\n\t\t\t\t<\/div>\n\t\t\t\t<\/div>\n\t\t","protected":false},"excerpt":{"rendered":"<p>KONTAKT Skontaktuj si\u0119 Z nami Masz pytania, chcesz pozna\u0107 szczeg\u00f3\u0142y oferty lub rozpocz\u0105\u0107 wsp\u00f3\u0142prac\u0119? Wype\u0142nij formularz kontaktowy lub skorzystaj z podanych danych, a szybko odpowiemy na Twoj\u0105 wiadomo\u015b\u0107. Jeste\u015bmy do Twojej dyspozycji! Imi\u0119 Nazwisko Adres e-mail Numer telefonu Temat wiadomo\u015bci Wybierz tematBudowa domuDoradztwo akustyczneIzolacje akustyczneInne Tre\u015b\u0107 wiadomo\u015bci &#916; Nasze biuro Majora Piotra Rogozina Iwanowicza 91, [&hellip;]<\/p>\n","protected":false},"author":1,"featured_media":1133,"parent":0,"menu_order":0,"comment_status":"closed","ping_status":"closed","template":"elementor_header_footer","meta":{"om_disable_all_campaigns":false,"_monsterinsights_skip_tracking":false,"_monsterinsights_sitenote_active":false,"_monsterinsights_sitenote_note":"","_monsterinsights_sitenote_category":0,"footnotes":""},"class_list":["post-110","page","type-page","status-publish","has-post-thumbnail","hentry"],"aioseo_notices":[],"_links":{"self":[{"href":"https:\/\/solidni-budowlancy.pl\/index.php?rest_route=\/wp\/v2\/pages\/110","targetHints":{"allow":["GET"]}}],"collection":[{"href":"https:\/\/solidni-budowlancy.pl\/index.php?rest_route=\/wp\/v2\/pages"}],"about":[{"href":"https:\/\/solidni-budowlancy.pl\/index.php?rest_route=\/wp\/v2\/types\/page"}],"author":[{"embeddable":true,"href":"https:\/\/solidni-budowlancy.pl\/index.php?rest_route=\/wp\/v2\/users\/1"}],"replies":[{"embeddable":true,"href":"https:\/\/solidni-budowlancy.pl\/index.php?rest_route=%2Fwp%2Fv2%2Fcomments&post=110"}],"version-history":[{"count":16,"href":"https:\/\/solidni-budowlancy.pl\/index.php?rest_route=\/wp\/v2\/pages\/110\/revisions"}],"predecessor-version":[{"id":1581,"href":"https:\/\/solidni-budowlancy.pl\/index.php?rest_route=\/wp\/v2\/pages\/110\/revisions\/1581"}],"wp:featuredmedia":[{"embeddable":true,"href":"https:\/\/solidni-budowlancy.pl\/index.php?rest_route=\/wp\/v2\/media\/1133"}],"wp:attachment":[{"href":"https:\/\/solidni-budowlancy.pl\/index.php?rest_route=%2Fwp%2Fv2%2Fmedia&parent=110"}],"curies":[{"name":"wp","href":"https:\/\/api.w.org\/{rel}","templated":true}]}}