{"id":115,"date":"2025-01-14T16:55:51","date_gmt":"2025-01-14T16:55:51","guid":{"rendered":"https:\/\/demo.colorbee.online\/dhaara\/demo\/?page_id=115"},"modified":"2025-10-18T13:02:59","modified_gmt":"2025-10-18T11:02:59","slug":"our-landmark-projects","status":"publish","type":"page","link":"https:\/\/solidni-budowlancy.pl\/?page_id=115","title":{"rendered":"Realizacje"},"content":{"rendered":"\t\t<div data-elementor-type=\"wp-page\" data-elementor-id=\"115\" class=\"elementor elementor-115\">\n\t\t\t\t<div class=\"elementor-element elementor-element-2d47226 e-grid e-con-full e-con e-parent\" data-id=\"2d47226\" data-element_type=\"container\" data-e-type=\"container\">\n\t\t\t\t<div class=\"elementor-element elementor-element-55ee603 elementor-widget elementor-widget-projects_list\" data-id=\"55ee603\" data-element_type=\"widget\" data-e-type=\"widget\" data-widget_type=\"projects_list.default\">\n\t\t\t\t<div class=\"elementor-widget-container\">\n\t\t\t\t\t        <section class=\"project-list relative py-16 sm:py-20 lg:py-20 overflow-hidden z-10\">\r\n            <!-- Section Header -->\r\n            <div class=\"relative mb-12 sm:mb-16 text-center z-10\">\r\n                <div class=\"absolute -top-10 left-1\/2 -translate-x-1\/2 text-[80px] sm:text-[120px] font-bold text-gray-100 select-none opacity-0 md:opacity-60 leading-none -z-10\">\r\n                    REALIZACJE                <\/div>\r\n                <h2 class=\"relative text-3xl sm:text-4xl lg:text-5xl font-bold text-gray-900 fade-in-effect \">\r\n                    Post\u0119p realizacji i                    <span style=\"color: #FFB600\"> kolejne etapy<\/span>\r\n                <\/h2>\r\n                <p class=\"mt-4 text-xl text-gray-600 max-w-2xl mx-auto fade-in-effect effect-1\">\r\n                    W tej sekcji mo\u017cesz \u015bledzi\u0107, jak przebiegaj\u0105 prace nad naszymi projektami \u2013 od pierwszych koncepcji i planowania, przez kolejne fazy budowy, a\u017c po finalne wyko\u0144czenie                <\/p>\r\n            <\/div>\r\n\r\n\r\n            <!-- Projects Grid -->\r\n            <div class=\"max-w-7xl 2xl:max-w-8xl mx-auto px-4\">\r\n                <div class=\"grid grid-cols-1 md:grid-cols-2 lg:grid-cols-3 gap-6 sm:gap-8\">\r\n                                    <\/div>\r\n\r\n                            <\/div>\r\n        <\/section>\r\n    \t\t\t\t<\/div>\n\t\t\t\t<\/div>\n\t\t\t\t<\/div>\n\t\t\t\t<\/div>\n\t\t","protected":false},"excerpt":{"rendered":"<p>REALIZACJE Post\u0119p realizacji i kolejne etapy W tej sekcji mo\u017cesz \u015bledzi\u0107, jak przebiegaj\u0105 prace nad naszymi projektami \u2013 od pierwszych koncepcji i planowania, przez kolejne fazy budowy, a\u017c po finalne wyko\u0144czenie Commercial Innovation Hub A collaborative workspace designed for the future of work.Where cutting-edge technology meets human creativity in an environment that sparks breakthrough&hellip; Location [&hellip;]<\/p>\n","protected":false},"author":1,"featured_media":1171,"parent":0,"menu_order":0,"comment_status":"closed","ping_status":"closed","template":"elementor_header_footer","meta":{"om_disable_all_campaigns":false,"_monsterinsights_skip_tracking":false,"_monsterinsights_sitenote_active":false,"_monsterinsights_sitenote_note":"","_monsterinsights_sitenote_category":0,"footnotes":""},"class_list":["post-115","page","type-page","status-publish","has-post-thumbnail","hentry"],"aioseo_notices":[],"_links":{"self":[{"href":"https:\/\/solidni-budowlancy.pl\/index.php?rest_route=\/wp\/v2\/pages\/115","targetHints":{"allow":["GET"]}}],"collection":[{"href":"https:\/\/solidni-budowlancy.pl\/index.php?rest_route=\/wp\/v2\/pages"}],"about":[{"href":"https:\/\/solidni-budowlancy.pl\/index.php?rest_route=\/wp\/v2\/types\/page"}],"author":[{"embeddable":true,"href":"https:\/\/solidni-budowlancy.pl\/index.php?rest_route=\/wp\/v2\/users\/1"}],"replies":[{"embeddable":true,"href":"https:\/\/solidni-budowlancy.pl\/index.php?rest_route=%2Fwp%2Fv2%2Fcomments&post=115"}],"version-history":[{"count":48,"href":"https:\/\/solidni-budowlancy.pl\/index.php?rest_route=\/wp\/v2\/pages\/115\/revisions"}],"predecessor-version":[{"id":1585,"href":"https:\/\/solidni-budowlancy.pl\/index.php?rest_route=\/wp\/v2\/pages\/115\/revisions\/1585"}],"wp:featuredmedia":[{"embeddable":true,"href":"https:\/\/solidni-budowlancy.pl\/index.php?rest_route=\/wp\/v2\/media\/1171"}],"wp:attachment":[{"href":"https:\/\/solidni-budowlancy.pl\/index.php?rest_route=%2Fwp%2Fv2%2Fmedia&parent=115"}],"curies":[{"name":"wp","href":"https:\/\/api.w.org\/{rel}","templated":true}]}}